{"id":5461,"date":"2026-01-22T13:56:21","date_gmt":"2026-01-22T13:56:21","guid":{"rendered":"https:\/\/albuferaintegration.com\/?page_id=5461"},"modified":"2026-03-17T07:47:29","modified_gmt":"2026-03-17T07:47:29","slug":"politica-de-privacidad","status":"publish","type":"page","link":"https:\/\/albuferaintegration.com\/en\/politica-de-privacidad\/","title":{"rendered":"Pol\u00edtica de privacidad"},"content":{"rendered":"<p><div class=\"fusion-fullwidth fullwidth-box fusion-builder-row-1 fusion-flex-container fusion-parallax-none nonhundred-percent-fullwidth non-hundred-percent-height-scrolling lazyload\" style=\"--link_hover_color: var(--awb-color5);--link_color: var(--awb-color5);--awb-border-color:var(--awb-color1);--awb-border-radius-top-left:0px;--awb-border-radius-top-right:0px;--awb-border-radius-bottom-right:0px;--awb-border-radius-bottom-left:0px;--awb-padding-top:185.14100000000002px;--awb-padding-bottom:185px;--awb-padding-top-small:70px;--awb-padding-right-small:40px;--awb-padding-bottom-small:70px;--awb-padding-left-small:40px;--awb-margin-top:0px;--awb-margin-bottom:0px;--awb-margin-bottom-medium:80px;--awb-margin-bottom-small:60px;--awb-background-color:var(--awb-color8);--awb-background-image:linear-gradient(152deg, var(--awb-color8) 0%,hsla(var(--awb-color8-h),var(--awb-color8-s),var(--awb-color8-l),calc( var(--awb-color8-a) - 85% )) 70%);;--awb-background-image-small:linear-gradient(152deg, var(--awb-color8) 0%,hsla(var(--awb-color8-h),var(--awb-color8-s),var(--awb-color8-l),calc( var(--awb-color8-a) - 85% )) 70%);;--awb-background-size:cover;--awb-flex-wrap:wrap;\" data-bg=\"https:\/\/albuferaintegration.com\/wp-content\/uploads\/2026\/01\/albufera-slide-paginas.jpg\" data-fusion-responsive-bg=\"1\" data-bg-small=\"https:\/\/albuferaintegration.com\/wp-content\/uploads\/2023\/05\/hero-mobile.jpg\" data-bg-gradient=\"linear-gradient(152deg, var(--awb-color8) 0%,hsla(var(--awb-color8-h),var(--awb-color8-s),var(--awb-color8-l),calc( var(--awb-color8-a) - 85% )) 70%)\" ><div class=\"fusion-builder-row fusion-row fusion-flex-align-items-center fusion-flex-content-wrap\" style=\"max-width:1216.8px;margin-left: calc(-4% \/ 2 );margin-right: calc(-4% \/ 2 );\"><div class=\"fusion-layout-column fusion_builder_column fusion-builder-column-0 fusion_builder_column_1_1 1_1 fusion-flex-column fusion-animated\" style=\"--awb-padding-bottom-medium:0px;--awb-bg-size:cover;--awb-width-large:100%;--awb-margin-top-large:0px;--awb-spacing-right-large:0%;--awb-margin-bottom-large:0px;--awb-spacing-left-large:0%;--awb-width-medium:100%;--awb-order-medium:0;--awb-spacing-right-medium:0%;--awb-spacing-left-medium:0%;--awb-width-small:100%;--awb-order-small:0;--awb-spacing-right-small:0%;--awb-spacing-left-small:0%;\" data-animationtype=\"fadeInUp\" data-animationduration=\"1.3\" data-animationoffset=\"top-into-view\"><div class=\"fusion-column-wrapper fusion-column-has-shadow fusion-flex-justify-content-flex-start fusion-content-layout-column\"><div class=\"fusion-title title fusion-title-1 fusion-no-medium-visibility fusion-no-large-visibility fusion-title-center fusion-title-text fusion-title-size-one\" style=\"--awb-text-color:var(--awb-color1);--awb-margin-right:15%;--awb-margin-left:15%;--awb-margin-right-small:0px;--awb-margin-left-small:0px;--awb-font-size:45px;\"><div class=\"title-sep-container title-sep-container-left\"><div class=\"title-sep sep- sep-solid\" style=\"border-color:var(--awb-color3);\"><\/div><\/div><span class=\"awb-title-spacer\"><\/span><h1 class=\"fusion-title-heading title-heading-center fusion-responsive-typography-calculated\" style=\"margin:0;text-transform:none;font-size:1em;--fontSize:45;line-height:1.33;\">Our Applications Cover Diverse Corporate Markets<\/h1><span class=\"awb-title-spacer\"><\/span><div class=\"title-sep-container title-sep-container-right\"><div class=\"title-sep sep- sep-solid\" style=\"border-color:var(--awb-color3);\"><\/div><\/div><\/div><div class=\"fusion-title title fusion-title-2 fusion-no-small-visibility fusion-title-center fusion-title-text fusion-title-size-one\" style=\"--awb-text-color:var(--awb-color1);--awb-margin-top-small:10px;--awb-margin-right-small:0px;--awb-margin-bottom-small:10px;--awb-margin-left-small:0px;--awb-font-size:38px;\"><div class=\"title-sep-container title-sep-container-left\"><div class=\"title-sep sep- sep-solid\" style=\"border-color:var(--awb-color3);\"><\/div><\/div><span class=\"awb-title-spacer\"><\/span><h1 class=\"fusion-title-heading title-heading-center fusion-responsive-typography-calculated\" style=\"margin:0;text-transform:none;font-size:1em;--fontSize:38;line-height:1.74;\"><span style=\"font-family: 'Aicon semibold';\" data-fusion-font=\"true\">Pol\u00edtica de privacidad<\/span><\/h1><span class=\"awb-title-spacer\"><\/span><div class=\"title-sep-container title-sep-container-right\"><div class=\"title-sep sep- sep-solid\" style=\"border-color:var(--awb-color3);\"><\/div><\/div><\/div><\/div><\/div><div class=\"fusion-layout-column fusion_builder_column fusion-builder-column-1 fusion_builder_column_1_1 1_1 fusion-flex-column fusion-no-medium-visibility fusion-no-large-visibility fusion-animated\" style=\"--awb-padding-bottom-medium:0px;--awb-bg-size:cover;--awb-width-large:100%;--awb-margin-top-large:0px;--awb-spacing-right-large:1.92%;--awb-margin-bottom-large:12vw;--awb-spacing-left-large:1.92%;--awb-width-medium:100%;--awb-order-medium:0;--awb-spacing-right-medium:1.92%;--awb-spacing-left-medium:1.92%;--awb-width-small:100%;--awb-order-small:0;--awb-spacing-right-small:1.92%;--awb-margin-bottom-small:0;--awb-spacing-left-small:1.92%;\" data-animationtype=\"fadeInUp\" data-animationduration=\"1.3\" data-animationoffset=\"top-into-view\"><div class=\"fusion-column-wrapper fusion-column-has-shadow fusion-flex-justify-content-flex-start fusion-content-layout-column\"><div ><a class=\"fusion-button button-flat fusion-button-default-size button-custom fusion-button-default button-1 fusion-button-span-yes\" style=\"--button_accent_color:var(--awb-color1);--button_accent_hover_color:var(--awb-color1);--button_border_hover_color:var(--awb-color1);--button_border_width-top:0px;--button_border_width-right:0px;--button_border_width-bottom:0px;--button_border_width-left:0px;--button-border-radius-top-left:0;--button-border-radius-top-right:0;--button-border-radius-bottom-right:0;--button-border-radius-bottom-left:0;--button_gradient_top_color:var(--awb-color4);--button_gradient_bottom_color:var(--awb-color4);--button_gradient_top_color_hover:var(--awb-color7);--button_gradient_bottom_color_hover:var(--awb-color7);--button_text_transform:none;--button_font_size:20px;--button_line_height:26px;--button_padding-top:20px;--button_padding-right:55px;--button_padding-bottom:20px;--button_padding-left:55px;--button_typography-letter-spacing:0px;--button_margin-bottom:20px;\" target=\"_self\" href=\"https:\/\/albuferaintegration.com\/en\/contact-us\/\"><span class=\"fusion-button-text awb-button__text awb-button__text--default\">Get started today<\/span><\/a><\/div><div ><a class=\"fusion-button button-flat fusion-button-default-size button-custom fusion-button-default button-2 fusion-button-span-yes\" style=\"--button_accent_color:var(--awb-color1);--button_border_color:var(--awb-color8);--button_accent_hover_color:var(--awb-color1);--button_border_hover_color:var(--awb-color1);--button_border_width-top:0;--button_border_width-right:0;--button_border_width-bottom:0;--button_border_width-left:0;--button-border-radius-top-left:0;--button-border-radius-top-right:0;--button-border-radius-bottom-right:0;--button-border-radius-bottom-left:0;--button_gradient_top_color:var(--awb-color8);--button_gradient_bottom_color:var(--awb-color8);--button_gradient_top_color_hover:hsla(var(--awb-color8-h),var(--awb-color8-s),var(--awb-color8-l),calc( var(--awb-color8-a) - 40% ));--button_gradient_bottom_color_hover:hsla(var(--awb-color8-h),var(--awb-color8-s),var(--awb-color8-l),calc( var(--awb-color8-a) - 40% ));--button_text_transform:none;--button_font_size:20px;--button_line_height:26px;--button_padding-top:20px;--button_padding-right:55px;--button_padding-bottom:20px;--button_padding-left:55px;--button_typography-letter-spacing:0px;\" target=\"_self\" href=\"https:\/\/albuferaintegration.com\/en\/about\/\"><span class=\"fusion-button-text awb-button__text awb-button__text--default\">Discover more<\/span><\/a><\/div><\/div><\/div><\/div><\/div><div class=\"fusion-fullwidth fullwidth-box fusion-builder-row-2 fusion-flex-container fusion-parallax-fixed nonhundred-percent-fullwidth non-hundred-percent-height-scrolling lazyload fusion-animated\" style=\"--awb-background-position:left top;--awb-border-sizes-top:0px;--awb-border-sizes-bottom:0px;--awb-border-sizes-left:0px;--awb-border-sizes-right:0px;--awb-border-radius-top-left:0px;--awb-border-radius-top-right:0px;--awb-border-radius-bottom-right:0px;--awb-border-radius-bottom-left:0px;--awb-padding-top:89px;--awb-padding-bottom:64px;--awb-margin-bottom:0px;--awb-margin-bottom-medium:80px;--awb-margin-bottom-small:60px;--awb-background-size:cover;--awb-flex-wrap:wrap;background-attachment:fixed;\" data-bg=\"https:\/\/albuferaintegration.com\/wp-content\/uploads\/2026\/01\/albufera.imagotipo.fondo_.png\" data-animationtype=\"fadeInUp\" data-animationduration=\"1.3\" data-animationoffset=\"top-into-view\" ><div class=\"fusion-builder-row fusion-row fusion-flex-align-items-stretch fusion-flex-justify-content-center fusion-flex-content-wrap\" style=\"max-width:1216.8px;margin-left: calc(-4% \/ 2 );margin-right: calc(-4% \/ 2 );\"><div class=\"fusion-layout-column fusion_builder_column fusion-builder-column-2 fusion_builder_column_1_1 1_1 fusion-flex-column\" style=\"--awb-bg-size:cover;--awb-width-large:100%;--awb-margin-top-large:0px;--awb-spacing-right-large:1.92%;--awb-margin-bottom-large:20px;--awb-spacing-left-large:1.92%;--awb-width-medium:100%;--awb-order-medium:0;--awb-spacing-right-medium:1.92%;--awb-spacing-left-medium:1.92%;--awb-width-small:100%;--awb-order-small:0;--awb-spacing-right-small:1.92%;--awb-spacing-left-small:1.92%;\"><div class=\"fusion-column-wrapper fusion-column-has-shadow fusion-flex-justify-content-flex-start fusion-content-layout-column\"><div class=\"fusion-text fusion-text-1\"><p><b>1. Identificaci\u00f3n y datos de contacto del Responsable.<\/b><\/p>\n<p>ALBUFERA INTEGRATION, S.L. sociedad domiciliada en la Plaza de la constituci\u00f3n N\u00ba 11 \u2013 45360 Villarrubia de Santiago (Toledo), con C.I.F. B87536934 (en adelante, la \u201cSociedad\u201d) es la responsable del tratamiento de sus datos personales. En la presente pol\u00edtica de privacidad se facilita la informaci\u00f3n sobre el uso que realizar\u00e1 la Sociedad de sus datos personales en su condici\u00f3n de usuario de la web (la \u00abWeb \u00ab).<\/p>\n<p>La presente Pol\u00edtica de Privacidad tiene por objeto facilitar informaci\u00f3n sobre los derechos que le asisten en virtud del Reglamento General de Protecci\u00f3n de Datos (\u201cRGPD\u201d). Si tiene cualquier duda relativa al tratamiento de sus datos personales, contacte con la Sociedad en la siguiente direcci\u00f3n: info@albufera-energystorage.com<\/p>\n<p><b>2. Informaci\u00f3n necesaria y actualizada.<\/b><\/p>\n<p>Todos los campos que aparezcan se\u00f1alados con un asterisco (*) en los formularios de la Web ser\u00e1n de obligada cumplimentaci\u00f3n, de tal modo que la omisi\u00f3n de alguno de ellos podr\u00eda comportar la imposibilidad de que se le puedan facilitar los servicios o informaci\u00f3n solicitados.<\/p>\n<p>Deber\u00e1 proporcionar informaci\u00f3n ver\u00eddica, para que la informaci\u00f3n facilitada est\u00e9 siempre actualizada y no contenga errores, deber\u00e1 comunicar a la Sociedad a la mayor brevedad posible, las modificaciones y rectificaciones de sus datos de car\u00e1cter personal que se vayan produciendo a trav\u00e9s de un correo electr\u00f3nico a la direcci\u00f3n: info@albufera-energystorage.com<\/p>\n<p>Asimismo, al hacer \u201cclick\u201d en el bot\u00f3n \u201cAcepto\u201d (o equivalente) incorporado en los citados formularios, declara que la informaci\u00f3n y los datos que en ellos ha facilitado son exactos y veraces.<\/p>\n<p><b>3. Informaci\u00f3n general: descripci\u00f3n de la informaci\u00f3n contenida en la pol\u00edtica de privacidad.<\/b><\/p>\n<p>En la presente pol\u00edtica de privacidad encontrar\u00e1 una tabla identificando, por cada uno de los diferentes tratamientos de datos realizados por la Sociedad, la siguiente informaci\u00f3n:<\/p>\n<p>1. Las finalidades del tratamiento de sus datos personales, esto es, el motivo por el cual la Sociedad trata sus datos personales.<\/p>\n<p>2. Las bases legales que permiten el tratamiento de sus datos por parte de la Sociedad para cada una de las finalidades indicadas.<\/p>\n<p>3. La posible comunicaci\u00f3n de sus datos a terceros, as\u00ed como la causa de dicha comunicaci\u00f3n. A estos efectos, le informamos de que no cedemos sus datos personales a terceros salvo que exista una obligaci\u00f3n legal. Por otra parte, podr\u00e1n tener acceso a sus datos personales los encargados del tratamiento de la Sociedad, es decir, los prestadores de servicios que tengan que acceder a sus datos personales para el desarrollo de sus funciones. Los prestadores de servicios que acceden a sus datos personales, con car\u00e1cter general, se dedican a los sectores de sistemas de informaci\u00f3n y tecnolog\u00eda. En la tabla que figura a continuaci\u00f3n se indicar\u00e1n, en su caso, aquellos otros sectores a los que se dediquen otros posibles prestadores de servicios de la Sociedad que deban acceder a sus datos personales.<\/p>\n<p>Le informamos de que puede solicitar mayor detalle de informaci\u00f3n respecto de los destinatarios de sus datos enviando un correo electr\u00f3nico a la direcci\u00f3n info@albufera-energystorage.com, indicando el tratamiento concreto sobre cuyos destinatarios desear\u00eda informaci\u00f3n.<\/p>\n<p>4. La existencia de potenciales transferencias internacionales de datos. En caso de que quisiera solicitar una copia de las cl\u00e1usulas contractuales referidas en la tabla abajo indicada, por favor, p\u00f3ngase en contacto con Albufera Integration en el siguiente email para cursar su petici\u00f3n: administracion@albufera-energystorage.com.<\/p>\n<p>5. El plazo de conservaci\u00f3n de los datos que nos facilite. Asimismo, le informamos de que sus datos permanecer\u00e1n bloqueados para la atenci\u00f3n de reclamaciones judiciales, administrativas o fiscales, durante los plazos que resulten de la legislaci\u00f3n aplicable.<\/p>\n<p style=\"color: #706f6f;\"><b>4. Ejercicio de sus derechos<\/b><\/p>\n<p>Le informamos de que podr\u00e1 ejercer los siguientes derechos:<\/p>\n<p>1. derecho de acceso a sus datos personales para saber cu\u00e1les est\u00e1n siendo objeto de tratamiento y las operaciones de tratamiento llevadas a cabo con ellos;<\/p>\n<p>2. derecho de rectificaci\u00f3n de cualquier dato personal inexacto;<\/p>\n<p>3. derecho de supresi\u00f3n de sus datos personales, cuando esto sea posible;<\/p>\n<p>4. derecho a solicitar la limitaci\u00f3n del tratamiento de sus datos personales cuando la exactitud, la legalidad o la necesidad del tratamiento de los datos resulte dudosa, en cuyo caso, podremos conservarlos para el ejercicio o la defensa de reclamaciones;<\/p>\n<p>5. derecho a la portabilidad de sus datos personales, cuando la base legal que nos habilite para su tratamiento de las indicadas en la tabla arriba incluida sea la relaci\u00f3n contractual o el consentimiento;<\/p>\n<p>6. derecho de oposici\u00f3n al tratamiento de sus datos personales, cuando la base legal que nos habilite para su tratamiento de las indicadas en la tabla arriba incluida sea el inter\u00e9s leg\u00edtimo. A estos efectos, dejaremos de tratar sus datos salvo que tengamos un inter\u00e9s leg\u00edtimo imperioso o para la formulaci\u00f3n, el ejercicio o la defensa de reclamaciones.<\/p>\n<p>7. derecho a revocar su consentimiento en cualquier momento.<\/p>\n<p>Podr\u00e1 ejercitar sus derechos en cualquier momento y de forma gratuita dirigiendo un correo electr\u00f3nico a info@albufera-energystorage.com indicando el derecho que desea ejercitar y sus datos identificativos.<\/p>\n<p>Si considera que no hemos tratado sus datos personales adecuadamente puede contactar con el Delegado de Protecci\u00f3n de Datos en la direcci\u00f3n administraci\u00f3n@albufera-energystorage.com. No obstante, le informamos de que tiene derecho a presentar una reclamaci\u00f3n ante la Agencia Espa\u00f1ola de Protecci\u00f3n de Datos si considera que se ha cometido una infracci\u00f3n de la legislaci\u00f3n en materia de protecci\u00f3n de datos respecto al tratamiento de sus datos personales.<\/p>\n<p><b>5. Cookies<\/b><\/p>\n<p>Albufera Integration \u00fanicamente utilizar\u00e1 dispositivos de almacenamiento y recuperaci\u00f3n de datos (\u2018Cookies\u2019) cuando el usuario haya dado su consentimiento previo para ello de acuerdo con lo que se indica en la ventana emergente del navegador del usuario cuando accede por primera vez a la Web y en los dem\u00e1s t\u00e9rminos y condiciones que se indican en la Pol\u00edtica de Cookies de Albufera Integration que todo usuario debe conocer.<\/p>\n<p><b>6. Medidas de seguridad<\/b><\/p>\n<p>Albufera Integration adopta los niveles de seguridad requeridos por el RGPD adecuados a la naturaleza de los datos que son objeto de tratamiento en cada momento. No obstante, lo anterior, la seguridad t\u00e9cnica en un medio como Internet no es inexpugnable y pueden existir actuaciones dolosas de terceros, si bien Albufera Integration pone todos los medios a su alcance para evitar dichas actuaciones.<\/p>\n<p><b>7. Menores<\/b><\/p>\n<p>Los menores de edad no podr\u00e1n usar los servicios disponibles a trav\u00e9s de la Web sin la previa autorizaci\u00f3n de sus padres, tutores o representantes legales, quienes ser\u00e1n los \u00fanicos responsables de todos los actos realizados a trav\u00e9s de la Web por los menores a su cargo, incluyendo la cumplimentaci\u00f3n de los formularios con los datos personales de dichos menores y la marcaci\u00f3n, en su caso, de las casillas que los acompa\u00f1an.<\/p>\n<\/div><\/div><\/div><\/div><\/div><\/p>","protected":false},"excerpt":{"rendered":"","protected":false},"author":1,"featured_media":0,"parent":0,"menu_order":0,"comment_status":"closed","ping_status":"closed","template":"","meta":{"pagelayer_contact_templates":[],"_pagelayer_content":"","footnotes":""},"class_list":["post-5461","page","type-page","status-publish","hentry"],"yoast_head":"<!-- This site is optimized with the Yoast SEO plugin v27.1.1 - https:\/\/yoast.com\/product\/yoast-seo-wordpress\/ -->\n<title>Pol\u00edtica de privacidad - Albufera Integration<\/title>\n<meta name=\"description\" content=\"Pol\u00edtica de privacidad de la web Albufera Integration\" \/>\n<meta name=\"robots\" content=\"index, follow, max-snippet:-1, max-image-preview:large, max-video-preview:-1\" \/>\n<link rel=\"canonical\" href=\"https:\/\/albuferaintegration.com\/en\/politica-de-privacidad\/\" \/>\n<meta property=\"og:locale\" content=\"en_GB\" \/>\n<meta property=\"og:type\" content=\"article\" \/>\n<meta property=\"og:title\" content=\"Pol\u00edtica de privacidad - Albufera Integration\" \/>\n<meta property=\"og:description\" content=\"Pol\u00edtica de privacidad de la web Albufera Integration\" \/>\n<meta property=\"og:url\" content=\"https:\/\/albuferaintegration.com\/en\/politica-de-privacidad\/\" \/>\n<meta property=\"og:site_name\" content=\"Albufera Integration\" \/>\n<meta property=\"article:modified_time\" content=\"2026-03-17T07:47:29+00:00\" \/>\n<meta name=\"twitter:card\" content=\"summary_large_image\" \/>\n<meta name=\"twitter:label1\" content=\"Estimated reading time\" \/>\n\t<meta name=\"twitter:data1\" content=\"6 minutes\" \/>\n<script type=\"application\/ld+json\" class=\"yoast-schema-graph\">{\"@context\":\"https:\/\/schema.org\",\"@graph\":[{\"@type\":\"WebPage\",\"@id\":\"https:\/\/albuferaintegration.com\/politica-de-privacidad\/\",\"url\":\"https:\/\/albuferaintegration.com\/politica-de-privacidad\/\",\"name\":\"Pol\u00edtica de privacidad - Albufera Integration\",\"isPartOf\":{\"@id\":\"https:\/\/albuferaintegration.com\/#website\"},\"datePublished\":\"2026-01-22T13:56:21+00:00\",\"dateModified\":\"2026-03-17T07:47:29+00:00\",\"description\":\"Pol\u00edtica de privacidad de la web Albufera Integration\",\"breadcrumb\":{\"@id\":\"https:\/\/albuferaintegration.com\/politica-de-privacidad\/#breadcrumb\"},\"inLanguage\":\"en-GB\",\"potentialAction\":[{\"@type\":\"ReadAction\",\"target\":[\"https:\/\/albuferaintegration.com\/politica-de-privacidad\/\"]}]},{\"@type\":\"BreadcrumbList\",\"@id\":\"https:\/\/albuferaintegration.com\/politica-de-privacidad\/#breadcrumb\",\"itemListElement\":[{\"@type\":\"ListItem\",\"position\":1,\"name\":\"Portada\",\"item\":\"https:\/\/albuferaintegration.com\/\"},{\"@type\":\"ListItem\",\"position\":2,\"name\":\"Pol\u00edtica de privacidad\"}]},{\"@type\":\"WebSite\",\"@id\":\"https:\/\/albuferaintegration.com\/#website\",\"url\":\"https:\/\/albuferaintegration.com\/\",\"name\":\"Albufera Integration\",\"description\":\"Expertos en soluciones energ&eacute;ticas y conectividad\",\"publisher\":{\"@id\":\"https:\/\/albuferaintegration.com\/#organization\"},\"potentialAction\":[{\"@type\":\"SearchAction\",\"target\":{\"@type\":\"EntryPoint\",\"urlTemplate\":\"https:\/\/albuferaintegration.com\/?s={search_term_string}\"},\"query-input\":{\"@type\":\"PropertyValueSpecification\",\"valueRequired\":true,\"valueName\":\"search_term_string\"}}],\"inLanguage\":\"en-GB\"},{\"@type\":\"Organization\",\"@id\":\"https:\/\/albuferaintegration.com\/#organization\",\"name\":\"Albufera Integration\",\"url\":\"https:\/\/albuferaintegration.com\/\",\"logo\":{\"@type\":\"ImageObject\",\"inLanguage\":\"en-GB\",\"@id\":\"https:\/\/albuferaintegration.com\/#\/schema\/logo\/image\/\",\"url\":\"https:\/\/albuferaintegration.com\/wp-content\/uploads\/2026\/01\/albufera-logo.jpg\",\"contentUrl\":\"https:\/\/albuferaintegration.com\/wp-content\/uploads\/2026\/01\/albufera-logo.jpg\",\"width\":1267,\"height\":340,\"caption\":\"Albufera Integration\"},\"image\":{\"@id\":\"https:\/\/albuferaintegration.com\/#\/schema\/logo\/image\/\"}}]}<\/script>\n<!-- \/ Yoast SEO plugin. -->","yoast_head_json":{"title":"Pol\u00edtica de privacidad - Albufera Integration","description":"Pol\u00edtica de privacidad de la web Albufera Integration","robots":{"index":"index","follow":"follow","max-snippet":"max-snippet:-1","max-image-preview":"max-image-preview:large","max-video-preview":"max-video-preview:-1"},"canonical":"https:\/\/albuferaintegration.com\/en\/politica-de-privacidad\/","og_locale":"en_GB","og_type":"article","og_title":"Pol\u00edtica de privacidad - Albufera Integration","og_description":"Pol\u00edtica de privacidad de la web Albufera Integration","og_url":"https:\/\/albuferaintegration.com\/en\/politica-de-privacidad\/","og_site_name":"Albufera Integration","article_modified_time":"2026-03-17T07:47:29+00:00","twitter_card":"summary_large_image","twitter_misc":{"Estimated reading time":"6 minutes"},"schema":{"@context":"https:\/\/schema.org","@graph":[{"@type":"WebPage","@id":"https:\/\/albuferaintegration.com\/politica-de-privacidad\/","url":"https:\/\/albuferaintegration.com\/politica-de-privacidad\/","name":"Pol\u00edtica de privacidad - Albufera Integration","isPartOf":{"@id":"https:\/\/albuferaintegration.com\/#website"},"datePublished":"2026-01-22T13:56:21+00:00","dateModified":"2026-03-17T07:47:29+00:00","description":"Pol\u00edtica de privacidad de la web Albufera Integration","breadcrumb":{"@id":"https:\/\/albuferaintegration.com\/politica-de-privacidad\/#breadcrumb"},"inLanguage":"en-GB","potentialAction":[{"@type":"ReadAction","target":["https:\/\/albuferaintegration.com\/politica-de-privacidad\/"]}]},{"@type":"BreadcrumbList","@id":"https:\/\/albuferaintegration.com\/politica-de-privacidad\/#breadcrumb","itemListElement":[{"@type":"ListItem","position":1,"name":"Portada","item":"https:\/\/albuferaintegration.com\/"},{"@type":"ListItem","position":2,"name":"Pol\u00edtica de privacidad"}]},{"@type":"WebSite","@id":"https:\/\/albuferaintegration.com\/#website","url":"https:\/\/albuferaintegration.com\/","name":"Albufera Integration","description":"Expertos en soluciones energ&eacute;ticas y conectividad","publisher":{"@id":"https:\/\/albuferaintegration.com\/#organization"},"potentialAction":[{"@type":"SearchAction","target":{"@type":"EntryPoint","urlTemplate":"https:\/\/albuferaintegration.com\/?s={search_term_string}"},"query-input":{"@type":"PropertyValueSpecification","valueRequired":true,"valueName":"search_term_string"}}],"inLanguage":"en-GB"},{"@type":"Organization","@id":"https:\/\/albuferaintegration.com\/#organization","name":"Albufera Integration","url":"https:\/\/albuferaintegration.com\/","logo":{"@type":"ImageObject","inLanguage":"en-GB","@id":"https:\/\/albuferaintegration.com\/#\/schema\/logo\/image\/","url":"https:\/\/albuferaintegration.com\/wp-content\/uploads\/2026\/01\/albufera-logo.jpg","contentUrl":"https:\/\/albuferaintegration.com\/wp-content\/uploads\/2026\/01\/albufera-logo.jpg","width":1267,"height":340,"caption":"Albufera Integration"},"image":{"@id":"https:\/\/albuferaintegration.com\/#\/schema\/logo\/image\/"}}]}},"_links":{"self":[{"href":"https:\/\/albuferaintegration.com\/en\/wp-json\/wp\/v2\/pages\/5461","targetHints":{"allow":["GET"]}}],"collection":[{"href":"https:\/\/albuferaintegration.com\/en\/wp-json\/wp\/v2\/pages"}],"about":[{"href":"https:\/\/albuferaintegration.com\/en\/wp-json\/wp\/v2\/types\/page"}],"author":[{"embeddable":true,"href":"https:\/\/albuferaintegration.com\/en\/wp-json\/wp\/v2\/users\/1"}],"replies":[{"embeddable":true,"href":"https:\/\/albuferaintegration.com\/en\/wp-json\/wp\/v2\/comments?post=5461"}],"version-history":[{"count":3,"href":"https:\/\/albuferaintegration.com\/en\/wp-json\/wp\/v2\/pages\/5461\/revisions"}],"predecessor-version":[{"id":5532,"href":"https:\/\/albuferaintegration.com\/en\/wp-json\/wp\/v2\/pages\/5461\/revisions\/5532"}],"wp:attachment":[{"href":"https:\/\/albuferaintegration.com\/en\/wp-json\/wp\/v2\/media?parent=5461"}],"curies":[{"name":"wp","href":"https:\/\/api.w.org\/{rel}","templated":true}]}}